{"id":131,"date":"2025-02-19T07:29:03","date_gmt":"2025-02-19T07:29:03","guid":{"rendered":"https:\/\/lecomptoirdng.com\/?page_id=131"},"modified":"2026-04-21T06:41:19","modified_gmt":"2026-04-21T06:41:19","slug":"reservation","status":"publish","type":"page","link":"https:\/\/lecomptoirdng.com\/vi\/reservation\/","title":{"rendered":"\u0110\u1eb7t b\u00e0n"},"content":{"rendered":"<div data-elementor-type=\"wp-page\" data-elementor-id=\"131\" class=\"elementor elementor-131\" data-elementor-settings=\"{&quot;scroll_snap&quot;:&quot;yes&quot;}\" data-elementor-post-type=\"page\">\n\t\t\t\t<div class=\"has_ae_slider elementor-element elementor-element-002095d e-con-full scroll-container e-flex ae-bg-gallery-type-default e-con e-parent\" data-id=\"002095d\" data-element_type=\"container\" data-e-type=\"container\" data-settings=\"{&quot;background_background&quot;:&quot;classic&quot;}\">\n\t\t<div class=\"has_ae_slider elementor-element elementor-element-e5ee35d e-con-full e-flex ae-bg-gallery-type-default e-con e-child\" data-id=\"e5ee35d\" data-element_type=\"container\" data-e-type=\"container\">\n\t\t<div class=\"has_ae_slider elementor-element elementor-element-5928d17 e-con-full animated-fast e-flex ae-bg-gallery-type-default elementor-invisible e-con e-child\" data-id=\"5928d17\" data-element_type=\"container\" data-e-type=\"container\" data-settings=\"{&quot;animation&quot;:&quot;fadeInUp&quot;}\">\n\t\t\t\t<div class=\"elementor-element elementor-element-0c0d776 elementor-widget elementor-widget-heading\" data-id=\"0c0d776\" data-element_type=\"widget\" data-e-type=\"widget\" data-widget_type=\"heading.default\">\n\t\t\t\t<div class=\"elementor-widget-container\">\n\t\t\t\t\t<h2 class=\"elementor-heading-title elementor-size-default\">\u0110\u1eb6T B\u00c0N<\/h2>\t\t\t\t<\/div>\n\t\t\t\t<\/div>\n\t\t\t\t<div class=\"elementor-element elementor-element-5af04e1 elementor-widget elementor-widget-text-editor\" data-id=\"5af04e1\" data-element_type=\"widget\" data-e-type=\"widget\" data-widget_type=\"text-editor.default\">\n\t\t\t\t<div class=\"elementor-widget-container\">\n\t\t\t\t\t\t\t\t\t<p><strong>GI\u1edc M\u1ede C\u1eecA<\/strong><\/p><p>M\u1ecdi ng\u00e0y trong tu\u1ea7n<br \/><strong>First seating: 5:00 pm &#8211; 5:30 pm &#8211; 6:00pm<\/strong><\/p><p>(L\u01b0u \u00fd b\u00e0n \u0111\u01b0\u1ee3c \u0111\u1eb7t l\u1ea1i sau 2 gi\u1edd 30 ph\u00fat (\u0110\u1ed1i v\u1edbi c\u00e1c \u0111\u1eb7t ch\u1ed7 tr\u01b0\u1edbc 20:00)<\/p><p><strong>Second seating: 8:00 pm &#8211; 8:30 pm<\/strong><\/p>\t\t\t\t\t\t\t\t<\/div>\n\t\t\t\t<\/div>\n\t\t\t\t<div class=\"elementor-element elementor-element-21728b6 elementor-align-left elementor-widget elementor-widget-button\" data-id=\"21728b6\" data-element_type=\"widget\" data-e-type=\"widget\" data-widget_type=\"button.default\">\n\t\t\t\t<div class=\"elementor-widget-container\">\n\t\t\t\t\t\t\t\t\t<div class=\"elementor-button-wrapper\">\n\t\t\t\t\t<a class=\"elementor-button elementor-button-link elementor-size-sm\" href=\"https:\/\/www.tablecheck.com\/en\/le-comptoir-danang\/reserve\/landing\" target=\"_blank\" rel=\"noopener\">\n\t\t\t\t\t\t<span class=\"elementor-button-content-wrapper\">\n\t\t\t\t\t\t\t\t\t<span class=\"elementor-button-text\">MAKE A RESERVATION<\/span>\n\t\t\t\t\t<\/span>\n\t\t\t\t\t<\/a>\n\t\t\t\t<\/div>\n\t\t\t\t\t\t\t\t<\/div>\n\t\t\t\t<\/div>\n\t\t\t\t<\/div>\n\t\t\t\t<\/div>\n\t\t<div class=\"has_ae_slider elementor-element elementor-element-efc9117 e-con-full e-flex ae-bg-gallery-type-default e-con e-child\" data-id=\"efc9117\" data-element_type=\"container\" data-e-type=\"container\" data-settings=\"{&quot;background_background&quot;:&quot;classic&quot;}\">\n\t\t\t\t<\/div>\n\t\t\t\t<\/div>\n\t\t<div class=\"has_ae_slider elementor-element elementor-element-e901316 e-con-full section e-flex ae-bg-gallery-type-default e-con e-parent\" data-id=\"e901316\" data-element_type=\"container\" data-e-type=\"container\" data-settings=\"{&quot;background_background&quot;:&quot;classic&quot;}\">\n\t\t<div class=\"has_ae_slider elementor-element elementor-element-9d5de6f e-con-full e-flex ae-bg-gallery-type-default e-con e-child\" data-id=\"9d5de6f\" data-element_type=\"container\" data-e-type=\"container\" data-settings=\"{&quot;background_background&quot;:&quot;classic&quot;}\">\n\t\t\t\t<\/div>\n\t\t<div class=\"has_ae_slider elementor-element elementor-element-3e7a409 e-con-full e-flex ae-bg-gallery-type-default e-con e-child\" data-id=\"3e7a409\" data-element_type=\"container\" data-e-type=\"container\">\n\t\t<div class=\"has_ae_slider elementor-element elementor-element-888e445 e-con-full animated-fast e-flex ae-bg-gallery-type-default elementor-invisible e-con e-child\" data-id=\"888e445\" data-element_type=\"container\" data-e-type=\"container\" data-settings=\"{&quot;animation&quot;:&quot;fadeInUp&quot;}\">\n\t\t\t\t<div class=\"elementor-element elementor-element-0d262f7 elementor-widget elementor-widget-heading\" data-id=\"0d262f7\" data-element_type=\"widget\" data-e-type=\"widget\" data-widget_type=\"heading.default\">\n\t\t\t\t<div class=\"elementor-widget-container\">\n\t\t\t\t\t<h2 class=\"elementor-heading-title elementor-size-default\">QUY \u0110\u1ecaNH NH\u00c0 H\u00c0NG<\/h2>\t\t\t\t<\/div>\n\t\t\t\t<\/div>\n\t\t\t\t<div class=\"elementor-element elementor-element-cdc8083 elementor-widget elementor-widget-text-editor\" data-id=\"cdc8083\" data-element_type=\"widget\" data-e-type=\"widget\" data-widget_type=\"text-editor.default\">\n\t\t\t\t<div class=\"elementor-widget-container\">\n\t\t\t\t\t\t\t\t\t<p><b>V\u1ec1 Th\u00fa c\u01b0ng<\/b><\/p><p><span style=\"font-weight: 400;\">Ch\u00fang t\u00f4i k\u00ednh mong qu\u00fd kh\u00e1ch vui l\u00f2ng kh\u00f4ng mang th\u00fa c\u01b0ng v\u00e0o nh\u00e0 h\u00e0ng.<\/span><\/p><p><strong>V\u1ec1 Trang ph\u1ee5c<\/strong><\/p><p>Ch\u00fang t\u00f4i khuy\u1ebfn kh\u00edch trang ph\u1ee5c l\u1ecbch s\u1ef1, tho\u1ea3i m\u00e1i ho\u1eb7c trang nh\u00e3. \u00c1o ph\u00f4ng, qu\u1ea7n short v\u00e0 gi\u00e0y th\u1ec3 thao \u0111\u1ec1u \u0111\u01b0\u1ee3c hoan ngh\u00eanh, nh\u01b0ng ch\u00fang t\u00f4i k\u00ednh mong qu\u00fd kh\u00e1ch tr\u00e1nh m\u1eb7c \u0111\u1ed3 \u0111i bi\u1ec3n, s\u1eed d\u1ee5ng n\u01b0\u1edbc hoa n\u1ed3ng v\u00e0 c\u00e1c v\u1eadt d\u1ee5ng c\u00f3 m\u00f9i h\u0103ng (v\u00ed d\u1ee5: s\u1ea7u ri\u00eang) \u0111\u1ec3 gi\u1eef g\u00ecn kh\u00f4ng gian trang nh\u00e3 \u1edf nh\u00e0 h\u00e0ng.<\/p><p><b>\u0110\u1eb7t ch\u1ed7 &amp; \u0110\u1ebfn mu\u1ed9n<\/b><\/p><p><span style=\"font-weight: 400;\">Ch\u00fang t\u00f4i cho ph\u00e9p ch\u1edd 15 ph\u00fat \u0111\u1ed1i v\u1edbi nh\u1eefng ng\u01b0\u1eddi \u0111\u1ebfn mu\u1ed9n m\u00e0 kh\u00f4ng c\u1ea7n b\u00e1o tr\u01b0\u1edbc. Vui l\u00f2ng cho ch\u00fang t\u00f4i bi\u1ebft n\u1ebfu b\u1ea1n \u0111\u1ebfn mu\u1ed9n. Sau 15 ph\u00fat, b\u00e0n c\u1ee7a b\u1ea1n c\u00f3 th\u1ec3 \u0111\u01b0\u1ee3c chuy\u1ec3n cho ng\u01b0\u1eddi kh\u00e1c.<\/span><\/p><p><b>Mang r\u01b0\u1ee3u b\u00ean ngo\u00e0i v\u00e0o<\/b><\/p><p><span style=\"font-weight: 400;\">Kh\u00e1ch c\u00f3 th\u1ec3 t\u1ef1 mang r\u01b0\u1ee3u vang ho\u1eb7c r\u01b0\u1ee3u m\u1ea1nh kh\u00f4ng c\u00f3 trong th\u1ef1c \u0111\u01a1n c\u1ee7a nh\u00e0 h\u00e0ng. Ph\u00ed ph\u1ee5c v\u1ee5 r\u01b0\u1ee3u (ph\u00ed khui chai) s\u1ebd \u0111\u01b0\u1ee3c \u00e1p d\u1ee5ng.<\/span><span style=\"font-weight: 400;\"><br \/><\/span><span style=\"font-weight: 400;\">Ngo\u00e0i ra, v\u1edbi m\u1ed7i chai r\u01b0\u1ee3u b\u1ea1n mang \u0111\u1ebfn, b\u1ea1n c\u00f3 th\u1ec3 ch\u1ecdn m\u1ed9t chai t\u1eeb danh s\u00e1ch r\u01b0\u1ee3u vang c\u1ee7a ch\u00fang t\u00f4i m\u00e0 kh\u00f4ng ph\u1ea3i tr\u1ea3 ph\u00ed khui chai.<\/span><\/p><p><b>An to\u00e0n th\u1ef1c ph\u1ea9m &amp; Th\u1ef1c ph\u1ea9m b\u00ean ngo\u00e0i<\/b><\/p><p><span style=\"font-weight: 400;\">S\u1ee9c kh\u1ecfe c\u1ee7a b\u1ea1n l\u00e0 \u01b0u ti\u00ean h\u00e0ng \u0111\u1ea7u c\u1ee7a ch\u00fang t\u00f4i. \u0110\u1ec3 duy tr\u00ec c\u00e1c ti\u00eau chu\u1ea9n an to\u00e0n th\u1ef1c ph\u1ea9m c\u1ee7a ch\u00fang t\u00f4i, ch\u00fang t\u00f4i vui l\u00f2ng y\u00eau c\u1ea7u kh\u00f4ng mang th\u1ee9c \u0103n ho\u1eb7c \u0111\u1ed3 u\u1ed1ng b\u00ean ngo\u00e0i v\u00e0o nh\u00e0 h\u00e0ng, ngo\u1ea1i tr\u1eeb b\u00e1nh m\u1eebng<\/span><\/p><p><b data-path-to-node=\"9\" data-index-in-node=\"0\">Ch\u00ednh s\u00e1ch thanh to\u00e1n<\/b><\/p><p>Ch\u00fang t\u00f4i ch\u1ea5p nh\u1eadn ti\u1ec1n m\u1eb7t, chuy\u1ec3n kho\u1ea3n ng\u00e2n h\u00e0ng v\u00e0 thanh to\u00e1n th\u1ebb. Xin l\u01b0u \u00fd r\u1eb1ng c\u00e1c giao d\u1ecbch thanh to\u00e1n b\u1eb1ng th\u1ebb American Express (Amex) s\u1ebd ch\u1ecbu ph\u00ed ph\u1ee5 thu 3%.\n\n(Ch\u1ea5p nh\u1eadn c\u00e1c lo\u1ea1i th\u1ebb: VISA, MasterCard, UnionPay, American Express)<\/p><p><b data-path-to-node=\"3,0\" data-index-in-node=\"0\">\u0110\u1eb7t b\u00e0n nh\u00f3m &amp; Ti\u1ec7c ri\u00eang t\u01b0<\/b><\/p><p>\u0110\u1ed1i v\u1edbi nh\u00f3m t\u1eeb 9 kh\u00e1ch tr\u1edf l\u00ean, ho\u1eb7c \u0111\u1ec3 \u0111\u1eb7t ph\u00f2ng ri\u00eang, vui l\u00f2ng li\u00ean h\u1ec7 tr\u1ef1c ti\u1ebfp v\u1edbi ch\u00fang t\u00f4i theo s\u1ed1 +84 70 80 40 560 (c\u00f3 th\u1ec3 li\u00ean l\u1ea1c qua Zalo, WhatsApp ho\u1eb7c SMS).<\/p><p><b data-path-to-node=\"5,0\" data-index-in-node=\"0\">Quy \u0111\u1ecbnh v\u1ec1 tr\u1ebb em<\/b><\/p><p>\u0110\u1ec3 \u0111\u1ea3m b\u1ea3o tr\u1ea3i nghi\u1ec7m \u1ea9m th\u1ef1c tinh t\u1ebf cho t\u1ea5t c\u1ea3 m\u1ecdi ng\u01b0\u1eddi, d\u1ecbch v\u1ee5 b\u1eefa \u0103n th\u1ee9 hai c\u1ee7a ch\u00fang t\u00f4i ch\u00e0o \u0111\u00f3n kh\u00e1ch t\u1eeb b\u1ed1n tu\u1ed5i tr\u1edf l\u00ean. Ch\u00fang t\u00f4i tin r\u1eb1ng \u0111i\u1ec1u n\u00e0y t\u1ea1o n\u00ean m\u1ed9t b\u1ea7u kh\u00f4ng kh\u00ed y\u00ean b\u00ecnh, cho ph\u00e9p ch\u00fang t\u00f4i mang \u0111\u1ebfn d\u1ecbch v\u1ee5 xu\u1ea5t s\u1eafc.<\/p>\t\t\t\t\t\t\t\t<\/div>\n\t\t\t\t<\/div>\n\t\t\t\t<\/div>\n\t\t\t\t<\/div>\n\t\t\t\t<\/div>\n\t\t\t\t<\/div>","protected":false},"excerpt":{"rendered":"<p>BOOK A TABLE OPENING HOURS All days of weekFirst seating: 5:00 pm &#8211; 5:30 pm &#8211; 6:00pm (Please be noticed that the table is rebooked after 2 hours and 30 minutes (For the bookings before 20:00) Second seating: 8:00 pm &#8211; 8:30 pm MAKE A RESERVATION policy information Animal Policy We kindly ask that guests [&hellip;]<\/p>","protected":false},"author":1,"featured_media":0,"parent":0,"menu_order":0,"comment_status":"closed","ping_status":"closed","template":"elementor_header_footer","meta":{"footnotes":""},"class_list":["post-131","page","type-page","status-publish","hentry"],"acf":[],"_links":{"self":[{"href":"https:\/\/lecomptoirdng.com\/vi\/wp-json\/wp\/v2\/pages\/131","targetHints":{"allow":["GET"]}}],"collection":[{"href":"https:\/\/lecomptoirdng.com\/vi\/wp-json\/wp\/v2\/pages"}],"about":[{"href":"https:\/\/lecomptoirdng.com\/vi\/wp-json\/wp\/v2\/types\/page"}],"author":[{"embeddable":true,"href":"https:\/\/lecomptoirdng.com\/vi\/wp-json\/wp\/v2\/users\/1"}],"replies":[{"embeddable":true,"href":"https:\/\/lecomptoirdng.com\/vi\/wp-json\/wp\/v2\/comments?post=131"}],"version-history":[{"count":21,"href":"https:\/\/lecomptoirdng.com\/vi\/wp-json\/wp\/v2\/pages\/131\/revisions"}],"predecessor-version":[{"id":2276,"href":"https:\/\/lecomptoirdng.com\/vi\/wp-json\/wp\/v2\/pages\/131\/revisions\/2276"}],"wp:attachment":[{"href":"https:\/\/lecomptoirdng.com\/vi\/wp-json\/wp\/v2\/media?parent=131"}],"curies":[{"name":"wp","href":"https:\/\/api.w.org\/{rel}","templated":true}]}}